{"id":89,"date":"2024-01-23T11:41:00","date_gmt":"2024-01-23T10:41:00","guid":{"rendered":"https:\/\/lemonde-de-penelope.com\/?page_id=89"},"modified":"2024-04-29T11:03:05","modified_gmt":"2024-04-29T09:03:05","slug":"mentions-legales","status":"publish","type":"page","link":"https:\/\/lemonde-de-penelope.com\/en\/mentions-legales\/","title":{"rendered":"Terms of use"},"content":{"rendered":"<div data-elementor-type=\"wp-page\" data-elementor-id=\"89\" class=\"elementor elementor-89\">\n\t\t\t\t<div class=\"elementor-element elementor-element-4f0d2ff9 e-flex e-con-boxed e-con e-parent\" data-id=\"4f0d2ff9\" data-element_type=\"container\" data-e-type=\"container\">\n\t\t\t\t\t<div class=\"e-con-inner\">\n\t\t\t\t<div class=\"elementor-element elementor-element-63ffb092 elementor-widget elementor-widget-heading\" data-id=\"63ffb092\" data-element_type=\"widget\" data-e-type=\"widget\" data-widget_type=\"heading.default\">\n\t\t\t\t<div class=\"elementor-widget-container\">\n\t\t\t\t\t<h1 class=\"elementor-heading-title elementor-size-default\">Terms of use<\/h1>\t\t\t\t<\/div>\n\t\t\t\t<\/div>\n\t\t\t\t\t<\/div>\n\t\t\t\t<\/div>\n\t\t<div class=\"elementor-element elementor-element-bc044b2 e-flex e-con-boxed e-con e-parent\" data-id=\"bc044b2\" data-element_type=\"container\" data-e-type=\"container\" data-settings=\"{&quot;background_background&quot;:&quot;classic&quot;,&quot;shape_divider_top&quot;:&quot;triangle&quot;}\">\n\t\t\t\t\t<div class=\"e-con-inner\">\n\t\t\t\t<div class=\"elementor-shape elementor-shape-top\" aria-hidden=\"true\" data-negative=\"false\">\n\t\t\t<svg xmlns=\"http:\/\/www.w3.org\/2000\/svg\" viewbox=\"0 0 1000 100\" preserveaspectratio=\"none\">\n\t<path class=\"elementor-shape-fill\" d=\"M500,98.9L0,6.1V0h1000v6.1L500,98.9z\"\/>\n<\/svg>\t\t<\/div>\n\t\t\t\t<div class=\"elementor-element elementor-element-f700965 elementor-widget elementor-widget-text-editor\" data-id=\"f700965\" data-element_type=\"widget\" data-e-type=\"widget\" data-widget_type=\"text-editor.default\">\n\t\t\t\t<div class=\"elementor-widget-container\">\n\t\t\t\t\t\t\t\t\t<h2>Website presentation<\/h2>\nBy virtue of article 6 of law no. 2004-575 of June 21, 2004 on confidence in the digital economy, users of the lemonde-de-penelope.com website are informed of the identity of the various parties involved in its creation and follow-up:\n\nThe artist Penelope exhibits her work and promotes her exhibitions.\n\nShe is assisted in the development and administration of this website by Estelle Mercier.\n\nSite host: OVH, domiciled at 2, rue Kellermann, 59100 Roubaix, France, and reachable by telephone on 09 72 10 10 07.\n<h2>Intellectual property and counterfeiting<\/h2>\nPenelope is the owner of the intellectual property rights or holds the rights of use on all the elements accessible on the site, in particular: texts, images, graphics, logos, etc.\n\nAny reproduction, representation, modification, publication or adaptation of all or part of the elements of the site, by whatever means or process, is forbidden without the prior written authorization of Penelope.\n\nAny unauthorized use of the site or of any of the elements it contains will be considered as constituting an infringement and will be prosecuted in accordance with the provisions of articles L.335-2 et seq. of the French Intellectual Property Code.\n<h2>Hyperlinks<\/h2>\nThis website contains a number of hyperlinks to other sites. However, lemonde-de-penelope.com is not in a position to monitor or check the content of these sites, and consequently assumes no liability in this respect.\n<h2>Other information<\/h2>\nWhen you send a message via the contact form, information is transmitted to Akismet, managed by Automattic, which is also the company behind WordPress, Gravatar or Tumblr, for example.\n\nPlease consult their privacy policy for further information.\n\nEmbedded content from other sites\nArticles on this site may include embedded content (e.g. videos, images, articles...). Embedded content from other sites behaves in the same way as if the visitor were visiting that other site. These websites may collect data about you, use cookies, embed third-party tracking tools, track your interactions with this embedded content, especially if you have a logged-in account on their website.\n\nThis includes Youtube videos, such as the one displayed on the \"Le Monde de P\u00e9n\u00e9lope\" page, which will use cookies as soon as you start playing the video. You can consult their privacy policy for further information.\n<h2>RGPD law<\/h2>\nDuration of storage of your data.\nData sent to Penelope via the contact form are stored for a potentially unlimited period of time on her mailbox. As indicated on the form, you yourself receive a copy of this message, which contains only the information you have voluntarily transmitted. No other personally identifiable information is accessible to the site administrators.\n\nData processed by external services is subject to their privacy policies.\n<h2>ADAGP<\/h2>\nFor artists' rights.\nYou can visit the<a href =\"\" target=\"_blank\">Adagp<\/a> to find out more about Penelope's copyright.\t\t\t\t\t\t\t\t<\/div>\n\t\t\t\t<\/div>\n\t\t\t\t\t<\/div>\n\t\t\t\t<\/div>\n\t\t\t\t<\/div>","protected":false},"excerpt":{"rendered":"<p>Mentions l\u00e9gales Pr\u00e9sentation du site En vertu de l\u2019article 6 de la loi n\u00b0 2004-575 du 21 juin 2004 pour la confiance dans l\u2019\u00e9conomie num\u00e9rique, il est pr\u00e9cis\u00e9 aux utilisateurs du site lemonde-de-penelope.com. l\u2019identit\u00e9 des diff\u00e9rents intervenants dans le cadre de sa r\u00e9alisation et de son suivi : P\u00e9n\u00e9lope, artiste, y expose ses \u0153uvres et [&hellip;]<\/p>\n","protected":false},"author":1,"featured_media":0,"parent":0,"menu_order":0,"comment_status":"closed","ping_status":"closed","template":"elementor_header_footer","meta":{"footnotes":""},"class_list":["post-89","page","type-page","status-publish","hentry"],"yoast_head":"<!-- This site is optimized with the Yoast SEO plugin v27.4 - https:\/\/yoast.com\/product\/yoast-seo-wordpress\/ -->\n<title>Mentions l\u00e9gales - lemonde-de-penelope<\/title>\n<meta name=\"description\" content=\"Vous pouvez acc\u00e9der aux mentions l\u00e9gales de P\u00e9n\u00e9lope ainsi qu&#039;\u00e0 la politique de confidentialit\u00e9 de son site.\" \/>\n<meta name=\"robots\" content=\"index, follow, max-snippet:-1, max-image-preview:large, max-video-preview:-1\" \/>\n<link rel=\"canonical\" href=\"https:\/\/lemonde-de-penelope.com\/en\/mentions-legales\/\" \/>\n<meta property=\"og:locale\" content=\"en_US\" \/>\n<meta property=\"og:type\" content=\"article\" \/>\n<meta property=\"og:title\" content=\"Mentions l\u00e9gales - lemonde-de-penelope\" \/>\n<meta property=\"og:description\" content=\"Vous pouvez acc\u00e9der aux mentions l\u00e9gales de P\u00e9n\u00e9lope ainsi qu&#039;\u00e0 la politique de confidentialit\u00e9 de son site.\" \/>\n<meta property=\"og:url\" content=\"https:\/\/lemonde-de-penelope.com\/en\/mentions-legales\/\" \/>\n<meta property=\"og:site_name\" content=\"lemonde-de-penelope\" \/>\n<meta property=\"article:modified_time\" content=\"2024-04-29T09:03:05+00:00\" \/>\n<meta name=\"twitter:card\" content=\"summary_large_image\" \/>\n<meta name=\"twitter:label1\" content=\"Est. reading time\" \/>\n\t<meta name=\"twitter:data1\" content=\"3 minutes\" \/>\n<script type=\"application\/ld+json\" class=\"yoast-schema-graph\">{\"@context\":\"https:\\\/\\\/schema.org\",\"@graph\":[{\"@type\":\"WebPage\",\"@id\":\"https:\\\/\\\/lemonde-de-penelope.com\\\/mentions-legales\\\/\",\"url\":\"https:\\\/\\\/lemonde-de-penelope.com\\\/mentions-legales\\\/\",\"name\":\"Mentions l\u00e9gales - lemonde-de-penelope\",\"isPartOf\":{\"@id\":\"https:\\\/\\\/lemonde-de-penelope.com\\\/#website\"},\"datePublished\":\"2024-01-23T10:41:00+00:00\",\"dateModified\":\"2024-04-29T09:03:05+00:00\",\"description\":\"Vous pouvez acc\u00e9der aux mentions l\u00e9gales de P\u00e9n\u00e9lope ainsi qu'\u00e0 la politique de confidentialit\u00e9 de son site.\",\"breadcrumb\":{\"@id\":\"https:\\\/\\\/lemonde-de-penelope.com\\\/mentions-legales\\\/#breadcrumb\"},\"inLanguage\":\"en-US\",\"potentialAction\":[{\"@type\":\"ReadAction\",\"target\":[\"https:\\\/\\\/lemonde-de-penelope.com\\\/mentions-legales\\\/\"]}]},{\"@type\":\"BreadcrumbList\",\"@id\":\"https:\\\/\\\/lemonde-de-penelope.com\\\/mentions-legales\\\/#breadcrumb\",\"itemListElement\":[{\"@type\":\"ListItem\",\"position\":1,\"name\":\"Actualit\u00e9s\",\"item\":\"https:\\\/\\\/lemonde-de-penelope.com\\\/\"},{\"@type\":\"ListItem\",\"position\":2,\"name\":\"Mentions l\u00e9gales\"}]},{\"@type\":\"WebSite\",\"@id\":\"https:\\\/\\\/lemonde-de-penelope.com\\\/#website\",\"url\":\"https:\\\/\\\/lemonde-de-penelope.com\\\/\",\"name\":\"lemonde-de-penelope\",\"description\":\"\",\"publisher\":{\"@id\":\"https:\\\/\\\/lemonde-de-penelope.com\\\/#organization\"},\"potentialAction\":[{\"@type\":\"SearchAction\",\"target\":{\"@type\":\"EntryPoint\",\"urlTemplate\":\"https:\\\/\\\/lemonde-de-penelope.com\\\/?s={search_term_string}\"},\"query-input\":{\"@type\":\"PropertyValueSpecification\",\"valueRequired\":true,\"valueName\":\"search_term_string\"}}],\"inLanguage\":\"en-US\"},{\"@type\":\"Organization\",\"@id\":\"https:\\\/\\\/lemonde-de-penelope.com\\\/#organization\",\"name\":\"lemonde-de-penelope\",\"alternateName\":\"P\u00e9n\u00e9lope\",\"url\":\"https:\\\/\\\/lemonde-de-penelope.com\\\/\",\"logo\":{\"@type\":\"ImageObject\",\"inLanguage\":\"en-US\",\"@id\":\"https:\\\/\\\/lemonde-de-penelope.com\\\/#\\\/schema\\\/logo\\\/image\\\/\",\"url\":\"https:\\\/\\\/lemonde-de-penelope.com\\\/wp-content\\\/uploads\\\/2024\\\/01\\\/cropped-logo-penelope-removebg-preview.png\",\"contentUrl\":\"https:\\\/\\\/lemonde-de-penelope.com\\\/wp-content\\\/uploads\\\/2024\\\/01\\\/cropped-logo-penelope-removebg-preview.png\",\"width\":651,\"height\":186,\"caption\":\"lemonde-de-penelope\"},\"image\":{\"@id\":\"https:\\\/\\\/lemonde-de-penelope.com\\\/#\\\/schema\\\/logo\\\/image\\\/\"}}]}<\/script>\n<!-- \/ Yoast SEO plugin. -->","yoast_head_json":{"title":"Mentions l\u00e9gales - lemonde-de-penelope","description":"Vous pouvez acc\u00e9der aux mentions l\u00e9gales de P\u00e9n\u00e9lope ainsi qu'\u00e0 la politique de confidentialit\u00e9 de son site.","robots":{"index":"index","follow":"follow","max-snippet":"max-snippet:-1","max-image-preview":"max-image-preview:large","max-video-preview":"max-video-preview:-1"},"canonical":"https:\/\/lemonde-de-penelope.com\/en\/mentions-legales\/","og_locale":"en_US","og_type":"article","og_title":"Mentions l\u00e9gales - lemonde-de-penelope","og_description":"Vous pouvez acc\u00e9der aux mentions l\u00e9gales de P\u00e9n\u00e9lope ainsi qu'\u00e0 la politique de confidentialit\u00e9 de son site.","og_url":"https:\/\/lemonde-de-penelope.com\/en\/mentions-legales\/","og_site_name":"lemonde-de-penelope","article_modified_time":"2024-04-29T09:03:05+00:00","twitter_card":"summary_large_image","twitter_misc":{"Est. reading time":"3 minutes"},"schema":{"@context":"https:\/\/schema.org","@graph":[{"@type":"WebPage","@id":"https:\/\/lemonde-de-penelope.com\/mentions-legales\/","url":"https:\/\/lemonde-de-penelope.com\/mentions-legales\/","name":"Mentions l\u00e9gales - lemonde-de-penelope","isPartOf":{"@id":"https:\/\/lemonde-de-penelope.com\/#website"},"datePublished":"2024-01-23T10:41:00+00:00","dateModified":"2024-04-29T09:03:05+00:00","description":"Vous pouvez acc\u00e9der aux mentions l\u00e9gales de P\u00e9n\u00e9lope ainsi qu'\u00e0 la politique de confidentialit\u00e9 de son site.","breadcrumb":{"@id":"https:\/\/lemonde-de-penelope.com\/mentions-legales\/#breadcrumb"},"inLanguage":"en-US","potentialAction":[{"@type":"ReadAction","target":["https:\/\/lemonde-de-penelope.com\/mentions-legales\/"]}]},{"@type":"BreadcrumbList","@id":"https:\/\/lemonde-de-penelope.com\/mentions-legales\/#breadcrumb","itemListElement":[{"@type":"ListItem","position":1,"name":"Actualit\u00e9s","item":"https:\/\/lemonde-de-penelope.com\/"},{"@type":"ListItem","position":2,"name":"Mentions l\u00e9gales"}]},{"@type":"WebSite","@id":"https:\/\/lemonde-de-penelope.com\/#website","url":"https:\/\/lemonde-de-penelope.com\/","name":"lemonde-de-penelope","description":"","publisher":{"@id":"https:\/\/lemonde-de-penelope.com\/#organization"},"potentialAction":[{"@type":"SearchAction","target":{"@type":"EntryPoint","urlTemplate":"https:\/\/lemonde-de-penelope.com\/?s={search_term_string}"},"query-input":{"@type":"PropertyValueSpecification","valueRequired":true,"valueName":"search_term_string"}}],"inLanguage":"en-US"},{"@type":"Organization","@id":"https:\/\/lemonde-de-penelope.com\/#organization","name":"lemonde-de-penelope","alternateName":"P\u00e9n\u00e9lope","url":"https:\/\/lemonde-de-penelope.com\/","logo":{"@type":"ImageObject","inLanguage":"en-US","@id":"https:\/\/lemonde-de-penelope.com\/#\/schema\/logo\/image\/","url":"https:\/\/lemonde-de-penelope.com\/wp-content\/uploads\/2024\/01\/cropped-logo-penelope-removebg-preview.png","contentUrl":"https:\/\/lemonde-de-penelope.com\/wp-content\/uploads\/2024\/01\/cropped-logo-penelope-removebg-preview.png","width":651,"height":186,"caption":"lemonde-de-penelope"},"image":{"@id":"https:\/\/lemonde-de-penelope.com\/#\/schema\/logo\/image\/"}}]}},"_links":{"self":[{"href":"https:\/\/lemonde-de-penelope.com\/en\/wp-json\/wp\/v2\/pages\/89","targetHints":{"allow":["GET"]}}],"collection":[{"href":"https:\/\/lemonde-de-penelope.com\/en\/wp-json\/wp\/v2\/pages"}],"about":[{"href":"https:\/\/lemonde-de-penelope.com\/en\/wp-json\/wp\/v2\/types\/page"}],"author":[{"embeddable":true,"href":"https:\/\/lemonde-de-penelope.com\/en\/wp-json\/wp\/v2\/users\/1"}],"replies":[{"embeddable":true,"href":"https:\/\/lemonde-de-penelope.com\/en\/wp-json\/wp\/v2\/comments?post=89"}],"version-history":[{"count":21,"href":"https:\/\/lemonde-de-penelope.com\/en\/wp-json\/wp\/v2\/pages\/89\/revisions"}],"predecessor-version":[{"id":3403,"href":"https:\/\/lemonde-de-penelope.com\/en\/wp-json\/wp\/v2\/pages\/89\/revisions\/3403"}],"wp:attachment":[{"href":"https:\/\/lemonde-de-penelope.com\/en\/wp-json\/wp\/v2\/media?parent=89"}],"curies":[{"name":"wp","href":"https:\/\/api.w.org\/{rel}","templated":true}]}}